{"id":2550,"date":"2022-09-21T16:06:10","date_gmt":"2022-09-21T16:06:10","guid":{"rendered":"http:\/\/jasnashop.microblading.education\/product\/phibrows-blade-shade-kit-s-10-pcs\/"},"modified":"2024-09-23T09:46:27","modified_gmt":"2024-09-23T09:46:27","slug":"phibrows-blade-shade-kit-s-10-pcs","status":"publish","type":"product","link":"https:\/\/jasnashop.microblading.education\/de\/produkt\/phibrows-blade-shade-kit-s-10-pcs\/","title":{"rendered":"PhiBrows Blade &amp; Shade KIT S (10 St\u00fcck)"},"content":{"rendered":"<p>Das PhiBrows Blade and Shade Kit S enth\u00e4lt hochwertige Materialien aus oxo-abbaubarem Kunststoff. Das Kit enth\u00e4lt vollst\u00e4ndig sterilisierte Einwegmaterialien, die es Ihnen erm\u00f6glichen, extrem nat\u00fcrliche Klingen- und Schattierungsarbeiten durchzuf\u00fchren und ein H\u00f6chstma\u00df an Hygiene zu gew\u00e4hrleisten.<\/p>\n<p>Das PhiBrows Blade and Shade Kit S enth\u00e4lt:<\/p>\n<p>&#8211;\u00a0Phi Blade and Shade disposable tool with Phi 304 Blade and Phi 3R Shading Blade<\/p>\n<p>&#8211; applicator with an ergonomically designed handle and cotton brush tip used for Stroke Marker application<\/p>\n<p>&#8211; 4 swabs used to apply after care creams, anesthesia or other solutions to the skin<\/p>\n<p>&#8211;\u00a0cotton cleaning pads used during treatment<\/p>\n<p>&#8211;\u00a0mini cotton pads used to apply anesthesia after the first pass or any other solutions to stop bleeding, if necessary<\/p>\n<p>&#8211;\u00a0tweezers for handling mini cotton pads<\/p>\n<p>&#8211;\u00a0pigment ring with a ring holder and blade cleanser attached<\/p>\n<p>Alle im Kit enthaltenen Artikel sind Einwegartikel und aus biologisch abbaubarem Kunststoff hergestellt, der nicht nur h\u00f6chste Pr\u00e4zision und Hygiene beim Arbeiten bietet, sondern auch umweltfreundlich ist.<\/p>\n<p>Jede Box enth\u00e4lt 10 Kits.<\/p>","protected":false},"excerpt":{"rendered":"<p>PhiBrows Blade and Shade Kit S contains premium materials, made of oxo-degradable plastics. The Kit includes fully sterilized, disposable materials that allow you to do extremely natural blading and shading&#8230;<\/p>","protected":false},"featured_media":2573,"template":"","meta":[],"product_brand":[],"product_cat":[102,104],"product_tag":[],"class_list":{"0":"post-2550","1":"product","2":"type-product","3":"status-publish","4":"has-post-thumbnail","6":"product_cat-microblading","7":"product_cat-tools","9":"first","10":"instock","11":"featured","12":"shipping-taxable","13":"purchasable","14":"product-type-simple"},"_links":{"self":[{"href":"https:\/\/jasnashop.microblading.education\/de\/wp-json\/wp\/v2\/product\/2550","targetHints":{"allow":["GET"]}}],"collection":[{"href":"https:\/\/jasnashop.microblading.education\/de\/wp-json\/wp\/v2\/product"}],"about":[{"href":"https:\/\/jasnashop.microblading.education\/de\/wp-json\/wp\/v2\/types\/product"}],"wp:featuredmedia":[{"embeddable":true,"href":"https:\/\/jasnashop.microblading.education\/de\/wp-json\/wp\/v2\/media\/2573"}],"wp:attachment":[{"href":"https:\/\/jasnashop.microblading.education\/de\/wp-json\/wp\/v2\/media?parent=2550"}],"wp:term":[{"taxonomy":"product_brand","embeddable":true,"href":"https:\/\/jasnashop.microblading.education\/de\/wp-json\/wp\/v2\/product_brand?post=2550"},{"taxonomy":"product_cat","embeddable":true,"href":"https:\/\/jasnashop.microblading.education\/de\/wp-json\/wp\/v2\/product_cat?post=2550"},{"taxonomy":"product_tag","embeddable":true,"href":"https:\/\/jasnashop.microblading.education\/de\/wp-json\/wp\/v2\/product_tag?post=2550"}],"curies":[{"name":"wp","href":"https:\/\/api.w.org\/{rel}","templated":true}]}}