{"id":2548,"date":"2022-09-21T16:06:10","date_gmt":"2022-09-21T16:06:10","guid":{"rendered":"http:\/\/jasnashop.microblading.education\/product\/ink-cup-50-pcs\/"},"modified":"2024-09-23T09:34:03","modified_gmt":"2024-09-23T09:34:03","slug":"ink-cup-50-pcs","status":"publish","type":"product","link":"https:\/\/jasnashop.microblading.education\/de\/produkt\/ink-cup-50-pcs\/","title":{"rendered":"Tintenbecher (50 St\u00fcck)"},"content":{"rendered":"","protected":false},"excerpt":{"rendered":"<p>Der Ink Cup ist ein ringf\u00f6rmiges Utensil, das mit Pigment gef\u00fcllt ist und w\u00e4hrend Microblading- oder PMU-Behandlungen verwendet wird.<\/p>\n<p>Es erm\u00f6glicht eine einfache Dosierung und sorgt daf\u00fcr, dass das Pigment w\u00e4hrend des Prozesses immer zur Hand ist und nicht mit anderen Elementen in Kontakt kommt.<\/p>\n<p>Durch den Einsatz der Ink Cups erh\u00f6hen Sie die Hygienestandards f\u00fcr Ihre Kunden und erleichtern gleichzeitig Ihre Arbeit!<\/p>\n<p>Eine Packung enth\u00e4lt 50 St\u00fcck.<\/p>","protected":false},"featured_media":2564,"template":"","meta":[],"product_brand":[],"product_cat":[102,104],"product_tag":[],"class_list":{"0":"post-2548","1":"product","2":"type-product","3":"status-publish","4":"has-post-thumbnail","6":"product_cat-microblading","7":"product_cat-tools","9":"first","10":"instock","11":"featured","12":"shipping-taxable","13":"purchasable","14":"product-type-simple"},"_links":{"self":[{"href":"https:\/\/jasnashop.microblading.education\/de\/wp-json\/wp\/v2\/product\/2548","targetHints":{"allow":["GET"]}}],"collection":[{"href":"https:\/\/jasnashop.microblading.education\/de\/wp-json\/wp\/v2\/product"}],"about":[{"href":"https:\/\/jasnashop.microblading.education\/de\/wp-json\/wp\/v2\/types\/product"}],"wp:featuredmedia":[{"embeddable":true,"href":"https:\/\/jasnashop.microblading.education\/de\/wp-json\/wp\/v2\/media\/2564"}],"wp:attachment":[{"href":"https:\/\/jasnashop.microblading.education\/de\/wp-json\/wp\/v2\/media?parent=2548"}],"wp:term":[{"taxonomy":"product_brand","embeddable":true,"href":"https:\/\/jasnashop.microblading.education\/de\/wp-json\/wp\/v2\/product_brand?post=2548"},{"taxonomy":"product_cat","embeddable":true,"href":"https:\/\/jasnashop.microblading.education\/de\/wp-json\/wp\/v2\/product_cat?post=2548"},{"taxonomy":"product_tag","embeddable":true,"href":"https:\/\/jasnashop.microblading.education\/de\/wp-json\/wp\/v2\/product_tag?post=2548"}],"curies":[{"name":"wp","href":"https:\/\/api.w.org\/{rel}","templated":true}]}}