{"id":2545,"date":"2022-09-21T16:06:08","date_gmt":"2022-09-21T16:06:08","guid":{"rendered":"http:\/\/jasnashop.microblading.education\/product\/phi-cleansing-emulsion-face-and-body-150-ml\/"},"modified":"2024-09-23T09:38:55","modified_gmt":"2024-09-23T09:38:55","slug":"phi-cleansing-emulsion-face-and-body-150-ml","status":"publish","type":"product","link":"https:\/\/jasnashop.microblading.education\/de\/produkt\/phi-cleansing-emulsion-face-and-body-150-ml\/","title":{"rendered":"Phi Reinigungsemulsion Gesicht und K\u00f6rper (150 ml)"},"content":{"rendered":"","protected":false},"excerpt":{"rendered":"<p>Phi Cleansing Emulsion wird vor und nach T\u00e4towierungen, PMU, Microblading, Microneedling oder anderen kosmetischen Behandlungen verwendet, bei denen die Integrit\u00e4t der Hautbarriere gest\u00f6rt ist. Es wird aus reinen Pflanzen\u00f6len und Glycerin hergestellt, mit einem Zusatz von Seekiefernrindenextrakt. Es hat hervorragende reinigende Eigenschaften sowie eine beruhigende Wirkung. Im Gegensatz zu anderen Reinigungsprodukten versorgen die \u00d6le in der Emulsion die Haut mit zus\u00e4tzlicher Feuchtigkeit, was eine weitere Reizung und Austrocknung der Haut nach der Behandlung verhindert. Mit ihren au\u00dfergew\u00f6hnlichen Inhaltsstoffen stimuliert die Phi Reinigungsemulsion die Haut und beschleunigt die Erneuerung der Oberfl\u00e4chenzellen. Phi Cleansing Emulsion reduziert nicht nur R\u00f6tungen und beruhigt gereizte Haut, sondern hat auch antioxidative Eigenschaften und hilft, freie Radikale zu bek\u00e4mpfen. Es ist f\u00fcr empfindliche Haut geeignet, da es aus nat\u00fcrlichen Substanzen hergestellt wird.<\/p>","protected":false},"featured_media":2609,"template":"","meta":[],"product_brand":[],"product_cat":[100,108],"product_tag":[],"class_list":{"0":"post-2545","1":"product","2":"type-product","3":"status-publish","4":"has-post-thumbnail","6":"product_cat-accessories","7":"product_cat-all-products","9":"first","10":"instock","11":"featured","12":"shipping-taxable","13":"purchasable","14":"product-type-simple"},"_links":{"self":[{"href":"https:\/\/jasnashop.microblading.education\/de\/wp-json\/wp\/v2\/product\/2545","targetHints":{"allow":["GET"]}}],"collection":[{"href":"https:\/\/jasnashop.microblading.education\/de\/wp-json\/wp\/v2\/product"}],"about":[{"href":"https:\/\/jasnashop.microblading.education\/de\/wp-json\/wp\/v2\/types\/product"}],"wp:featuredmedia":[{"embeddable":true,"href":"https:\/\/jasnashop.microblading.education\/de\/wp-json\/wp\/v2\/media\/2609"}],"wp:attachment":[{"href":"https:\/\/jasnashop.microblading.education\/de\/wp-json\/wp\/v2\/media?parent=2545"}],"wp:term":[{"taxonomy":"product_brand","embeddable":true,"href":"https:\/\/jasnashop.microblading.education\/de\/wp-json\/wp\/v2\/product_brand?post=2545"},{"taxonomy":"product_cat","embeddable":true,"href":"https:\/\/jasnashop.microblading.education\/de\/wp-json\/wp\/v2\/product_cat?post=2545"},{"taxonomy":"product_tag","embeddable":true,"href":"https:\/\/jasnashop.microblading.education\/de\/wp-json\/wp\/v2\/product_tag?post=2545"}],"curies":[{"name":"wp","href":"https:\/\/api.w.org\/{rel}","templated":true}]}}