{"id":2543,"date":"2022-09-21T16:06:08","date_gmt":"2022-09-21T16:06:08","guid":{"rendered":"http:\/\/jasnashop.microblading.education\/product\/heat-gun\/"},"modified":"2024-09-23T08:45:57","modified_gmt":"2024-09-23T08:45:57","slug":"heat-gun","status":"publish","type":"product","link":"https:\/\/jasnashop.microblading.education\/de\/produkt\/heat-gun\/","title":{"rendered":"Hei\u00dfluftpistole"},"content":{"rendered":"","protected":false},"excerpt":{"rendered":"<p>Die Heat Gun ist eine Hei\u00dfluftpistole, die eine spezielle Schrumpffolie erhitzt, um sie zu schrumpfen und eine hygienische Schutzh\u00fclle f\u00fcr Produkte in Ihrem Salon zu schaffen.<\/p>\n<p>Es besteht aus ABS-Kunststoff, ist also relativ leicht und liegt aufgrund seines ergonomischen Designs gut in der Hand.<\/p>\n<p><strong>Ein Brand kann entstehen, wenn die Ger\u00e4te nicht sorgsam verwendet werden!<\/strong><\/p>\n<ol class=\"ak-ol\">\n<li>Nicht in Gegenwart einer explosionsf\u00e4higen Atmosph\u00e4re verwenden.<\/li>\n<li>Nicht f\u00fcr l\u00e4ngere Zeit auf denselben Bereich auftragen.<\/li>\n<li>Beachten Sie, dass auch unsichtbare brennbare Materialien durch die vom Ger\u00e4t erzeugte W\u00e4rme beeintr\u00e4chtigt werden k\u00f6nnen.<\/li>\n<li>Stellen Sie das Ger\u00e4t nach Gebrauch auf seinen St\u00e4nder und lassen Sie es abk\u00fchlen, bevor Sie es verstauen.<\/li>\n<\/ol>\n<p><strong>Spezifikationen<\/strong><\/p>\n<p>Hei\u00dfluftpistole, Modell MF 300<\/p>\n<p>Spannung: 230 V<\/p>\n<p>Frequency: 50HZ &#8211; 60HZ<\/p>\n<p>Leistung: 300W<\/p>\n<p>Temperatur: 200 \u2103<\/p>\n<p>Farbe schwarz<\/p>\n<p>Material: ABS<\/p>\n<p>Gr\u00f6\u00dfe: 22,5 x 4,5 cm<\/p>","protected":false},"featured_media":2584,"template":"","meta":[],"product_brand":[],"product_cat":[102,104],"product_tag":[],"class_list":{"0":"post-2543","1":"product","2":"type-product","3":"status-publish","4":"has-post-thumbnail","6":"product_cat-microblading","7":"product_cat-tools","9":"first","10":"instock","11":"featured","12":"shipping-taxable","13":"purchasable","14":"product-type-simple"},"_links":{"self":[{"href":"https:\/\/jasnashop.microblading.education\/de\/wp-json\/wp\/v2\/product\/2543","targetHints":{"allow":["GET"]}}],"collection":[{"href":"https:\/\/jasnashop.microblading.education\/de\/wp-json\/wp\/v2\/product"}],"about":[{"href":"https:\/\/jasnashop.microblading.education\/de\/wp-json\/wp\/v2\/types\/product"}],"wp:featuredmedia":[{"embeddable":true,"href":"https:\/\/jasnashop.microblading.education\/de\/wp-json\/wp\/v2\/media\/2584"}],"wp:attachment":[{"href":"https:\/\/jasnashop.microblading.education\/de\/wp-json\/wp\/v2\/media?parent=2543"}],"wp:term":[{"taxonomy":"product_brand","embeddable":true,"href":"https:\/\/jasnashop.microblading.education\/de\/wp-json\/wp\/v2\/product_brand?post=2543"},{"taxonomy":"product_cat","embeddable":true,"href":"https:\/\/jasnashop.microblading.education\/de\/wp-json\/wp\/v2\/product_cat?post=2543"},{"taxonomy":"product_tag","embeddable":true,"href":"https:\/\/jasnashop.microblading.education\/de\/wp-json\/wp\/v2\/product_tag?post=2543"}],"curies":[{"name":"wp","href":"https:\/\/api.w.org\/{rel}","templated":true}]}}