{"id":2539,"date":"2022-09-21T16:06:07","date_gmt":"2022-09-21T16:06:07","guid":{"rendered":"http:\/\/jasnashop.microblading.education\/product\/phi-barrier-film\/"},"modified":"2024-09-23T09:14:29","modified_gmt":"2024-09-23T09:14:29","slug":"phi-barrier-film","status":"publish","type":"product","link":"https:\/\/jasnashop.microblading.education\/de\/produkt\/phi-barrier-film\/","title":{"rendered":"Phi-Barrierefilm"},"content":{"rendered":"","protected":false},"excerpt":{"rendered":"<p>Phi Barrier Film ist ein Produkt, das entwickelt wurde, um Ihren Arbeitsplatz zu sch\u00fctzen und hygienisch zu halten.<\/p>\n<p>Es handelt sich um eine sch\u00fctzende Barrierefolie, die auf allen Oberfl\u00e4chen, die Sie w\u00e4hrend des Eingriffs ber\u00fchren, wie eine Einwegabdeckung wirkt, um eine Kreuzkontamination zu verhindern. Besonders hilfreich bei schwer zu reinigenden Oberfl\u00e4chen. Einfache Anwendung und l\u00e4sst sich r\u00fcckstandslos entfernen.<\/p>","protected":false},"featured_media":2610,"template":"","meta":[],"product_brand":[],"product_cat":[102,104],"product_tag":[],"class_list":{"0":"post-2539","1":"product","2":"type-product","3":"status-publish","4":"has-post-thumbnail","6":"product_cat-microblading","7":"product_cat-tools","9":"first","10":"instock","11":"featured","12":"shipping-taxable","13":"purchasable","14":"product-type-simple"},"_links":{"self":[{"href":"https:\/\/jasnashop.microblading.education\/de\/wp-json\/wp\/v2\/product\/2539","targetHints":{"allow":["GET"]}}],"collection":[{"href":"https:\/\/jasnashop.microblading.education\/de\/wp-json\/wp\/v2\/product"}],"about":[{"href":"https:\/\/jasnashop.microblading.education\/de\/wp-json\/wp\/v2\/types\/product"}],"wp:featuredmedia":[{"embeddable":true,"href":"https:\/\/jasnashop.microblading.education\/de\/wp-json\/wp\/v2\/media\/2610"}],"wp:attachment":[{"href":"https:\/\/jasnashop.microblading.education\/de\/wp-json\/wp\/v2\/media?parent=2539"}],"wp:term":[{"taxonomy":"product_brand","embeddable":true,"href":"https:\/\/jasnashop.microblading.education\/de\/wp-json\/wp\/v2\/product_brand?post=2539"},{"taxonomy":"product_cat","embeddable":true,"href":"https:\/\/jasnashop.microblading.education\/de\/wp-json\/wp\/v2\/product_cat?post=2539"},{"taxonomy":"product_tag","embeddable":true,"href":"https:\/\/jasnashop.microblading.education\/de\/wp-json\/wp\/v2\/product_tag?post=2539"}],"curies":[{"name":"wp","href":"https:\/\/api.w.org\/{rel}","templated":true}]}}