{"id":2538,"date":"2022-09-21T16:06:07","date_gmt":"2022-09-21T16:06:07","guid":{"rendered":"http:\/\/jasnashop.microblading.education\/product\/bb-compass\/"},"modified":"2024-09-23T09:36:57","modified_gmt":"2024-09-23T09:36:57","slug":"bb-compass","status":"publish","type":"product","link":"https:\/\/jasnashop.microblading.education\/de\/produkt\/bb-compass\/","title":{"rendered":"BB-Kompass"},"content":{"rendered":"","protected":false},"excerpt":{"rendered":"<p>Der BB-Kompass ist ein Messinstrument, das bei Microblading-Behandlungen zum Zeichnen der Form verwendet wird.<\/p>\n<p>Durch seine spitze Spitze erm\u00f6glicht er pr\u00e4zise Markierungen der zu verbindenden Punkte, die sp\u00e4ter die Form ergeben.<\/p>\n<p>Der BB Compass wurde entwickelt, um kundenindividuelle Augenbrauen nach dem Goldenen Schnitt (1,618) zu kreieren und das Ergebnis optimal an die Gesichtsform anzupassen.<\/p>\n<p>Hergestellt aus hochwertigem Edelstahl.<\/p>\n<p><strong>Reinigungshinweise:<\/strong><\/p>\n<p>Kann mit verd\u00fcnntem Alkohol (70%) desinfiziert werden. Achtung: Die Sterilisation in einem Trocken- oder Dampfsterilisator (Autoklav) kann das Produkt besch\u00e4digen.<\/p>","protected":false},"featured_media":2620,"template":"","meta":[],"product_brand":[],"product_cat":[102,104],"product_tag":[],"class_list":{"0":"post-2538","1":"product","2":"type-product","3":"status-publish","4":"has-post-thumbnail","6":"product_cat-microblading","7":"product_cat-tools","9":"first","10":"instock","11":"featured","12":"shipping-taxable","13":"purchasable","14":"product-type-simple"},"_links":{"self":[{"href":"https:\/\/jasnashop.microblading.education\/de\/wp-json\/wp\/v2\/product\/2538","targetHints":{"allow":["GET"]}}],"collection":[{"href":"https:\/\/jasnashop.microblading.education\/de\/wp-json\/wp\/v2\/product"}],"about":[{"href":"https:\/\/jasnashop.microblading.education\/de\/wp-json\/wp\/v2\/types\/product"}],"wp:featuredmedia":[{"embeddable":true,"href":"https:\/\/jasnashop.microblading.education\/de\/wp-json\/wp\/v2\/media\/2620"}],"wp:attachment":[{"href":"https:\/\/jasnashop.microblading.education\/de\/wp-json\/wp\/v2\/media?parent=2538"}],"wp:term":[{"taxonomy":"product_brand","embeddable":true,"href":"https:\/\/jasnashop.microblading.education\/de\/wp-json\/wp\/v2\/product_brand?post=2538"},{"taxonomy":"product_cat","embeddable":true,"href":"https:\/\/jasnashop.microblading.education\/de\/wp-json\/wp\/v2\/product_cat?post=2538"},{"taxonomy":"product_tag","embeddable":true,"href":"https:\/\/jasnashop.microblading.education\/de\/wp-json\/wp\/v2\/product_tag?post=2538"}],"curies":[{"name":"wp","href":"https:\/\/api.w.org\/{rel}","templated":true}]}}