{"id":2537,"date":"2022-09-21T16:06:07","date_gmt":"2022-09-21T16:06:07","guid":{"rendered":"http:\/\/jasnashop.microblading.education\/product\/phi-barrier-film-holder\/"},"modified":"2024-09-23T09:14:29","modified_gmt":"2024-09-23T09:14:29","slug":"phi-barrier-film-holder","status":"publish","type":"product","link":"https:\/\/jasnashop.microblading.education\/de\/produkt\/phi-barrier-film-holder\/","title":{"rendered":"Phi Barrier Filmhalter"},"content":{"rendered":"","protected":false},"excerpt":{"rendered":"<p>Phi Barrier Film Holder ist ein strapazierf\u00e4higer Folienspender, der die Barrierefolienrolle sch\u00fctzt und ihre Verwendung erleichtert.<\/p>\n<p>Sehr einfache und m\u00fchelose Handhabung und leichtes \u00d6ffnen zum Wechseln von Barrierefolien. Durchsichtiger Kunststoff in harter Qualit\u00e4t erleichtert die Verfolgung des eingelegten Films und das Erkennen, wann er ausgetauscht werden muss. Passt problemlos in jede Umgebung und macht Ihre Arbeit organisierter und hygienischer.<\/p>","protected":false},"featured_media":2617,"template":"","meta":[],"product_brand":[],"product_cat":[102,104],"product_tag":[],"class_list":{"0":"post-2537","1":"product","2":"type-product","3":"status-publish","4":"has-post-thumbnail","6":"product_cat-microblading","7":"product_cat-tools","9":"first","10":"instock","11":"featured","12":"shipping-taxable","13":"purchasable","14":"product-type-simple"},"_links":{"self":[{"href":"https:\/\/jasnashop.microblading.education\/de\/wp-json\/wp\/v2\/product\/2537","targetHints":{"allow":["GET"]}}],"collection":[{"href":"https:\/\/jasnashop.microblading.education\/de\/wp-json\/wp\/v2\/product"}],"about":[{"href":"https:\/\/jasnashop.microblading.education\/de\/wp-json\/wp\/v2\/types\/product"}],"wp:featuredmedia":[{"embeddable":true,"href":"https:\/\/jasnashop.microblading.education\/de\/wp-json\/wp\/v2\/media\/2617"}],"wp:attachment":[{"href":"https:\/\/jasnashop.microblading.education\/de\/wp-json\/wp\/v2\/media?parent=2537"}],"wp:term":[{"taxonomy":"product_brand","embeddable":true,"href":"https:\/\/jasnashop.microblading.education\/de\/wp-json\/wp\/v2\/product_brand?post=2537"},{"taxonomy":"product_cat","embeddable":true,"href":"https:\/\/jasnashop.microblading.education\/de\/wp-json\/wp\/v2\/product_cat?post=2537"},{"taxonomy":"product_tag","embeddable":true,"href":"https:\/\/jasnashop.microblading.education\/de\/wp-json\/wp\/v2\/product_tag?post=2537"}],"curies":[{"name":"wp","href":"https:\/\/api.w.org\/{rel}","templated":true}]}}