{"id":2536,"date":"2022-09-21T16:06:07","date_gmt":"2022-09-21T16:06:07","guid":{"rendered":"http:\/\/jasnashop.microblading.education\/product\/phi-mirror\/"},"modified":"2024-09-23T09:57:51","modified_gmt":"2024-09-23T09:57:51","slug":"phi-mirror","status":"publish","type":"product","link":"https:\/\/jasnashop.microblading.education\/de\/produkt\/phi-mirror\/","title":{"rendered":"Phi-Spiegel"},"content":{"rendered":"","protected":false},"excerpt":{"rendered":"<p>PhiBrows Block Tonic enth\u00e4lt eine sorgf\u00e4ltig ausgew\u00e4hlte Kombination von Inhaltsstoffen, um die Haut vor, w\u00e4hrend und nach den Behandlungen mit PhiBrows, PhiContour und PhiLings sanft zu reinigen. Der Hauptbestandteil, ein Mineral namens Kaliumalaun, f\u00f6rdert die Porenkontraktion und hilft, Blutungen zu verlangsamen. Nat\u00fcrliche Inhaltsstoffe wie Panthenol und Aloe Vera helfen, die Haut zu pflegen und zu beruhigen. Panthenol ist daf\u00fcr bekannt, den nat\u00fcrlichen Regenerationsprozess zu unterst\u00fctzen.<\/p>","protected":false},"featured_media":2613,"template":"","meta":[],"product_brand":[],"product_cat":[100,108],"product_tag":[],"class_list":{"0":"post-2536","1":"product","2":"type-product","3":"status-publish","4":"has-post-thumbnail","6":"product_cat-accessories","7":"product_cat-all-products","9":"first","10":"instock","11":"featured","12":"shipping-taxable","13":"purchasable","14":"product-type-simple"},"_links":{"self":[{"href":"https:\/\/jasnashop.microblading.education\/de\/wp-json\/wp\/v2\/product\/2536","targetHints":{"allow":["GET"]}}],"collection":[{"href":"https:\/\/jasnashop.microblading.education\/de\/wp-json\/wp\/v2\/product"}],"about":[{"href":"https:\/\/jasnashop.microblading.education\/de\/wp-json\/wp\/v2\/types\/product"}],"wp:featuredmedia":[{"embeddable":true,"href":"https:\/\/jasnashop.microblading.education\/de\/wp-json\/wp\/v2\/media\/2613"}],"wp:attachment":[{"href":"https:\/\/jasnashop.microblading.education\/de\/wp-json\/wp\/v2\/media?parent=2536"}],"wp:term":[{"taxonomy":"product_brand","embeddable":true,"href":"https:\/\/jasnashop.microblading.education\/de\/wp-json\/wp\/v2\/product_brand?post=2536"},{"taxonomy":"product_cat","embeddable":true,"href":"https:\/\/jasnashop.microblading.education\/de\/wp-json\/wp\/v2\/product_cat?post=2536"},{"taxonomy":"product_tag","embeddable":true,"href":"https:\/\/jasnashop.microblading.education\/de\/wp-json\/wp\/v2\/product_tag?post=2536"}],"curies":[{"name":"wp","href":"https:\/\/api.w.org\/{rel}","templated":true}]}}