{"id":2532,"date":"2022-09-21T16:06:06","date_gmt":"2022-09-21T16:06:06","guid":{"rendered":"http:\/\/jasnashop.microblading.education\/product\/phi-marker-pen-purple-1-pc\/"},"modified":"2024-09-23T09:53:05","modified_gmt":"2024-09-23T09:53:05","slug":"phi-marker-pen-purple-1-pc","status":"publish","type":"product","link":"https:\/\/jasnashop.microblading.education\/de\/produkt\/phi-marker-pen-purple-1-pc\/","title":{"rendered":"Phi Marker Pen Lila (1 St\u00fcck)"},"content":{"rendered":"","protected":false},"excerpt":{"rendered":"<p>Der Marker Pen ist mit einer sehr scharfen und pr\u00e4zisen Spitze ausgestattet. Es hilft, sehr feine Mikropunkte zu machen. Warten Sie nach dem Markieren 60 Sekunden, um zu trocknen, und beginnen Sie dann mit der Behandlung. Der Marker Pen wurde speziell entwickelt, um die Haut zu markieren, bevor verschiedene Behandlungen durchgef\u00fchrt werden. Es ist optimal f\u00fcr eine Microblading- oder PMU-Behandlung geeignet und bietet die Perfektion und Einfachheit, die Sie ben\u00f6tigen. Auch nach dem Abwischen des Pigments bleiben alle mit dem Stift gemachten Punkte erhalten. Dieses Produkt tr\u00e4gt durch sein innovatives Design dazu bei, die Behandlungsleistung zu verbessern.<\/p>\n<p>Diese Punkte werden dann nach der Behandlung mit PhiWipes entfernt.<\/p>","protected":false},"featured_media":2937,"template":"","meta":[],"product_brand":[],"product_cat":[102,104],"product_tag":[],"class_list":{"0":"post-2532","1":"product","2":"type-product","3":"status-publish","4":"has-post-thumbnail","6":"product_cat-microblading","7":"product_cat-tools","9":"first","10":"instock","11":"featured","12":"shipping-taxable","13":"purchasable","14":"product-type-simple"},"_links":{"self":[{"href":"https:\/\/jasnashop.microblading.education\/de\/wp-json\/wp\/v2\/product\/2532","targetHints":{"allow":["GET"]}}],"collection":[{"href":"https:\/\/jasnashop.microblading.education\/de\/wp-json\/wp\/v2\/product"}],"about":[{"href":"https:\/\/jasnashop.microblading.education\/de\/wp-json\/wp\/v2\/types\/product"}],"wp:featuredmedia":[{"embeddable":true,"href":"https:\/\/jasnashop.microblading.education\/de\/wp-json\/wp\/v2\/media\/2937"}],"wp:attachment":[{"href":"https:\/\/jasnashop.microblading.education\/de\/wp-json\/wp\/v2\/media?parent=2532"}],"wp:term":[{"taxonomy":"product_brand","embeddable":true,"href":"https:\/\/jasnashop.microblading.education\/de\/wp-json\/wp\/v2\/product_brand?post=2532"},{"taxonomy":"product_cat","embeddable":true,"href":"https:\/\/jasnashop.microblading.education\/de\/wp-json\/wp\/v2\/product_cat?post=2532"},{"taxonomy":"product_tag","embeddable":true,"href":"https:\/\/jasnashop.microblading.education\/de\/wp-json\/wp\/v2\/product_tag?post=2532"}],"curies":[{"name":"wp","href":"https:\/\/api.w.org\/{rel}","templated":true}]}}