{"id":2527,"date":"2022-09-21T16:06:06","date_gmt":"2022-09-21T16:06:06","guid":{"rendered":"http:\/\/jasnashop.microblading.education\/product\/phibrows-disposable-tool-with-bold-blade-10-pcs-box\/"},"modified":"2024-09-23T09:45:17","modified_gmt":"2024-09-23T09:45:17","slug":"phibrows-disposable-tool-with-bold-blade-10-pcs-box","status":"publish","type":"product","link":"https:\/\/jasnashop.microblading.education\/de\/produkt\/phibrows-disposable-tool-with-bold-blade-10-pcs-box\/","title":{"rendered":"PhiBrows Einwegwerkzeug mit fetter Klinge 10er Box"},"content":{"rendered":"","protected":false},"excerpt":{"rendered":"<p>Dieses Werkzeug wird verwendet, um w\u00e4hrend einer Microblading-Behandlung Pigmente in die Haut aufzutragen. Es erm\u00f6glicht eine sehr pr\u00e4zise Erzeugung von Strichen durch das Pigment.<\/p>\n<p>&nbsp;<\/p>\n<p>Ein St\u00fcck enth\u00e4lt:<\/p>\n<p>&#8211;\u00a0Disposable tool with bold blade 16 pins<br \/>\n&#8211;\u00a0Self-adhesive pigment container<br \/>\n&#8211;\u00a0Self-adhesive microblade cleaner<br \/>\n&#8211;\u00a0Sterilized PhiBrush<\/p>","protected":false},"featured_media":2679,"template":"","meta":[],"product_brand":[],"product_cat":[102,104],"product_tag":[],"class_list":{"0":"post-2527","1":"product","2":"type-product","3":"status-publish","4":"has-post-thumbnail","6":"product_cat-microblading","7":"product_cat-tools","9":"first","10":"instock","11":"featured","12":"shipping-taxable","13":"purchasable","14":"product-type-simple"},"_links":{"self":[{"href":"https:\/\/jasnashop.microblading.education\/de\/wp-json\/wp\/v2\/product\/2527","targetHints":{"allow":["GET"]}}],"collection":[{"href":"https:\/\/jasnashop.microblading.education\/de\/wp-json\/wp\/v2\/product"}],"about":[{"href":"https:\/\/jasnashop.microblading.education\/de\/wp-json\/wp\/v2\/types\/product"}],"wp:featuredmedia":[{"embeddable":true,"href":"https:\/\/jasnashop.microblading.education\/de\/wp-json\/wp\/v2\/media\/2679"}],"wp:attachment":[{"href":"https:\/\/jasnashop.microblading.education\/de\/wp-json\/wp\/v2\/media?parent=2527"}],"wp:term":[{"taxonomy":"product_brand","embeddable":true,"href":"https:\/\/jasnashop.microblading.education\/de\/wp-json\/wp\/v2\/product_brand?post=2527"},{"taxonomy":"product_cat","embeddable":true,"href":"https:\/\/jasnashop.microblading.education\/de\/wp-json\/wp\/v2\/product_cat?post=2527"},{"taxonomy":"product_tag","embeddable":true,"href":"https:\/\/jasnashop.microblading.education\/de\/wp-json\/wp\/v2\/product_tag?post=2527"}],"curies":[{"name":"wp","href":"https:\/\/api.w.org\/{rel}","templated":true}]}}