{"id":2508,"date":"2022-09-21T16:06:02","date_gmt":"2022-09-21T16:06:02","guid":{"rendered":"http:\/\/jasnashop.microblading.education\/product\/phi-tattoo-after-care-gel-5-ml\/"},"modified":"2024-09-23T10:05:48","modified_gmt":"2024-09-23T10:05:48","slug":"phi-tattoo-after-care-gel-5-ml","status":"publish","type":"product","link":"https:\/\/jasnashop.microblading.education\/de\/produkt\/phi-tattoo-after-care-gel-5-ml\/","title":{"rendered":"Phi Tattoo After Care Gel 5ml"},"content":{"rendered":"","protected":false},"excerpt":{"rendered":"<p>Phi Tattoo After Care Gel stoppt sofort die Lymphe in Tattoos, Permanent Make-up und Microblading und beugt so Schorfbildung und Pigmentverlust vor. Es hilft auch, die Haut zu sch\u00fctzen und zu verj\u00fcngen, nachdem sie sich einer der genannten Behandlungen unterzogen hat. Zus\u00e4tzlich zu seinen adstringierenden Eigenschaften hilft Eichenholzextrakt auch, die Haut zu beruhigen und R\u00f6tungen und Schwellungen zu reduzieren.<\/p>","protected":false},"featured_media":2715,"template":"","meta":[],"product_brand":[],"product_cat":[107,102],"product_tag":[],"class_list":{"0":"post-2508","1":"product","2":"type-product","3":"status-publish","4":"has-post-thumbnail","6":"product_cat-care-products","7":"product_cat-microblading","9":"first","10":"instock","11":"featured","12":"shipping-taxable","13":"purchasable","14":"product-type-simple"},"_links":{"self":[{"href":"https:\/\/jasnashop.microblading.education\/de\/wp-json\/wp\/v2\/product\/2508","targetHints":{"allow":["GET"]}}],"collection":[{"href":"https:\/\/jasnashop.microblading.education\/de\/wp-json\/wp\/v2\/product"}],"about":[{"href":"https:\/\/jasnashop.microblading.education\/de\/wp-json\/wp\/v2\/types\/product"}],"wp:featuredmedia":[{"embeddable":true,"href":"https:\/\/jasnashop.microblading.education\/de\/wp-json\/wp\/v2\/media\/2715"}],"wp:attachment":[{"href":"https:\/\/jasnashop.microblading.education\/de\/wp-json\/wp\/v2\/media?parent=2508"}],"wp:term":[{"taxonomy":"product_brand","embeddable":true,"href":"https:\/\/jasnashop.microblading.education\/de\/wp-json\/wp\/v2\/product_brand?post=2508"},{"taxonomy":"product_cat","embeddable":true,"href":"https:\/\/jasnashop.microblading.education\/de\/wp-json\/wp\/v2\/product_cat?post=2508"},{"taxonomy":"product_tag","embeddable":true,"href":"https:\/\/jasnashop.microblading.education\/de\/wp-json\/wp\/v2\/product_tag?post=2508"}],"curies":[{"name":"wp","href":"https:\/\/api.w.org\/{rel}","templated":true}]}}