{"id":2507,"date":"2022-09-21T16:06:02","date_gmt":"2022-09-21T16:06:02","guid":{"rendered":"http:\/\/jasnashop.microblading.education\/product\/body-needling-microneedling-gel-5-ampoules-x-25-ml\/"},"modified":"2024-09-23T11:15:43","modified_gmt":"2024-09-23T11:15:43","slug":"body-needling-microneedling-gel-5-ampoules-x-25-ml","status":"publish","type":"product","link":"https:\/\/jasnashop.microblading.education\/de\/produkt\/body-needling-microneedling-gel-5-ampoules-x-25-ml\/","title":{"rendered":"Body Needling Microneedling Gel (5 Ampullen x 25 ml)"},"content":{"rendered":"","protected":false},"excerpt":{"rendered":"<p>Spezielles Gel zur Verwendung w\u00e4hrend bestimmt\u00a0<strong>Mikroneedling\u00a0<\/strong>Behandlungen auf der Haut von H\u00e4nden, Hals und Dekollet\u00e9 mit sichtbarer Faltenreduzierungswirkung. Es wird w\u00e4hrend der Microneedling-Behandlung auf die Haut dieser K\u00f6rperpartien aufgetragen. Die Formulierung mit hohem Gehalt an Hyalurons\u00e4ure ist hochwirksam im Kampf gegen Falten, da sie die bestehenden reduziert und die Bildung neuer Falten verhindert. Aufgrund ihrer spezifischen Struktur sorgt Hyalurons\u00e4ure f\u00fcr eine intensive sofortige und konstante Hautfeuchtigkeit. Seine F\u00e4higkeit, in die Haut einzudringen und sie mit Feuchtigkeit zu versorgen, sowie seine hochelastischen Eigenschaften machen die Haut weicher, stellen ihre Elastizit\u00e4t wieder her und haben somit eine hervorragende Anti-Age-Wirkung. Die L\u00f6sung wirkt sehr schnell und schon nach der ersten Anwendung wird die Hautqualit\u00e4t an H\u00e4nden, Hals und Dekollet\u00e9 sichtbar verbessert und die Haut wird straffer und elastischer. Leichte, schnell einziehende Basis mit sorgf\u00e4ltig ausgew\u00e4hlten Kr\u00e4uterextrakten.<\/p>\n<p>Ausz\u00fcge aus\u00a0<strong>Ginseng, Mango und gr\u00fcner Tee<\/strong><strong>\u00a0<\/strong>sind reich an Vitaminen und Mineralien und wirken als nat\u00fcrliche Antioxidantien, die die Haut vor sch\u00e4dlichen Auswirkungen freier Radikale sch\u00fctzen. Sie f\u00f6rdern die Durchblutung und den Zellstoffwechsel, verbessern die Hydratation und Ern\u00e4hrung der Haut. Sie beschleunigen den Prozess der Zellregeneration und verhelfen der Haut zu einem strahlenderen und ges\u00fcnderen Aussehen.<\/p>\n<p>&#8211; High content of hyaluronic acid for intense treatment<br \/>\n&#8211; Instantly moisturizes and softens the skin<br \/>\n&#8211; Increases skin volume and elasticity<br \/>\n&#8211; Reduces existing wrinkles and prevents formation of new ones<\/p>","protected":false},"featured_media":2711,"template":"","meta":[],"product_brand":[],"product_cat":[103,105],"product_tag":[],"class_list":{"0":"post-2507","1":"product","2":"type-product","3":"status-publish","4":"has-post-thumbnail","6":"product_cat-microneedling","7":"product_cat-serums-gels-and-creams","9":"first","10":"instock","11":"featured","12":"shipping-taxable","13":"purchasable","14":"product-type-simple"},"_links":{"self":[{"href":"https:\/\/jasnashop.microblading.education\/de\/wp-json\/wp\/v2\/product\/2507","targetHints":{"allow":["GET"]}}],"collection":[{"href":"https:\/\/jasnashop.microblading.education\/de\/wp-json\/wp\/v2\/product"}],"about":[{"href":"https:\/\/jasnashop.microblading.education\/de\/wp-json\/wp\/v2\/types\/product"}],"wp:featuredmedia":[{"embeddable":true,"href":"https:\/\/jasnashop.microblading.education\/de\/wp-json\/wp\/v2\/media\/2711"}],"wp:attachment":[{"href":"https:\/\/jasnashop.microblading.education\/de\/wp-json\/wp\/v2\/media?parent=2507"}],"wp:term":[{"taxonomy":"product_brand","embeddable":true,"href":"https:\/\/jasnashop.microblading.education\/de\/wp-json\/wp\/v2\/product_brand?post=2507"},{"taxonomy":"product_cat","embeddable":true,"href":"https:\/\/jasnashop.microblading.education\/de\/wp-json\/wp\/v2\/product_cat?post=2507"},{"taxonomy":"product_tag","embeddable":true,"href":"https:\/\/jasnashop.microblading.education\/de\/wp-json\/wp\/v2\/product_tag?post=2507"}],"curies":[{"name":"wp","href":"https:\/\/api.w.org\/{rel}","templated":true}]}}