{"id":2500,"date":"2022-09-21T16:06:01","date_gmt":"2022-09-21T16:06:01","guid":{"rendered":"http:\/\/jasnashop.microblading.education\/product\/ink-cup-holder\/"},"modified":"2024-09-23T09:30:14","modified_gmt":"2024-09-23T09:30:14","slug":"ink-cup-holder","status":"publish","type":"product","link":"https:\/\/jasnashop.microblading.education\/de\/produkt\/ink-cup-holder\/","title":{"rendered":"Tintenbecherhalter"},"content":{"rendered":"","protected":false},"excerpt":{"rendered":"<p>Der Phi Ink Cup Holder ist ein Metallst\u00e4nder zum Platzieren von Pigmenten, ideal f\u00fcr die Verwendung mit PhiBrows- und PhiContour-Behandlungen.<\/p>\n<p>Das Utensil enth\u00e4lt Schlitze in zwei verschiedenen Gr\u00f6\u00dfen, in denen Sie R\u00f6hrchen und Fl\u00e4schchen platzieren k\u00f6nnen, wie zum Beispiel:<\/p>\n<p>PhiContour-, SUP-, SUPE- und SUPER-Pigmente.<\/p>\n<p>Auf diese Weise schaffen Sie Ordnung zwischen Ihren Produkten und haben gleichzeitig ein sch\u00f6nes Accessoire in neutralem Schwarz mit dem goldenen Phi-Logo.<\/p>\n<p>Gr\u00f6\u00dfe:<\/p>\n<p>Halter: 8 x 7,35 x 3,12 cm<\/p>\n<p>\u00d6ffnung 1: 1,40 cm \u00d8<\/p>\n<p>\u00d6ffnung 2: 1,00 cm \u00d8<\/p>","protected":false},"featured_media":2735,"template":"","meta":[],"product_brand":[],"product_cat":[102,104],"product_tag":[],"class_list":{"0":"post-2500","1":"product","2":"type-product","3":"status-publish","4":"has-post-thumbnail","6":"product_cat-microblading","7":"product_cat-tools","9":"first","10":"instock","11":"featured","12":"shipping-taxable","13":"purchasable","14":"product-type-simple"},"_links":{"self":[{"href":"https:\/\/jasnashop.microblading.education\/de\/wp-json\/wp\/v2\/product\/2500","targetHints":{"allow":["GET"]}}],"collection":[{"href":"https:\/\/jasnashop.microblading.education\/de\/wp-json\/wp\/v2\/product"}],"about":[{"href":"https:\/\/jasnashop.microblading.education\/de\/wp-json\/wp\/v2\/types\/product"}],"wp:featuredmedia":[{"embeddable":true,"href":"https:\/\/jasnashop.microblading.education\/de\/wp-json\/wp\/v2\/media\/2735"}],"wp:attachment":[{"href":"https:\/\/jasnashop.microblading.education\/de\/wp-json\/wp\/v2\/media?parent=2500"}],"wp:term":[{"taxonomy":"product_brand","embeddable":true,"href":"https:\/\/jasnashop.microblading.education\/de\/wp-json\/wp\/v2\/product_brand?post=2500"},{"taxonomy":"product_cat","embeddable":true,"href":"https:\/\/jasnashop.microblading.education\/de\/wp-json\/wp\/v2\/product_cat?post=2500"},{"taxonomy":"product_tag","embeddable":true,"href":"https:\/\/jasnashop.microblading.education\/de\/wp-json\/wp\/v2\/product_tag?post=2500"}],"curies":[{"name":"wp","href":"https:\/\/api.w.org\/{rel}","templated":true}]}}