{"id":2495,"date":"2022-09-21T16:06:00","date_gmt":"2022-09-21T16:06:00","guid":{"rendered":"http:\/\/jasnashop.microblading.education\/product\/phi-stabilizer-15-pcs\/"},"modified":"2024-09-23T09:42:07","modified_gmt":"2024-09-23T09:42:07","slug":"phi-stabilizer-15-pcs","status":"publish","type":"product","link":"https:\/\/jasnashop.microblading.education\/de\/produkt\/phi-stabilizer-15-pcs\/","title":{"rendered":"Phi-Stabilisator (15 St\u00fcck)"},"content":{"rendered":"","protected":false},"excerpt":{"rendered":"<p>Phi-Stabilisator ist eine spezielle Kartuschen-Stabilit\u00e4tsscheibe, die verwendet wird, um mehr Pr\u00e4zision und Kontrolle beim Arbeiten mit einer Maschine zu erreichen. Es sorgt f\u00fcr Stabilit\u00e4t, verhindert Handzittern und Maschinenvibrationen. Das Ergebnis sind viel d\u00fcnnere und realistischere Haare.<\/p>\n<p>Eine gro\u00dfartige M\u00f6glichkeit, selbst bei problematischer oder fettiger Haut mehr Dichte zu erzielen, eine bessere Tiefenkontrolle zu erzielen und viel sch\u00e4rfere Linien zu erzeugen, um ein ultranat\u00fcrliches Aussehen zu erzielen. Bietet eine viel bessere Kontrolle \u00fcber Ihre Arbeit und die M\u00f6glichkeit, die Muster, an denen Sie arbeiten, vollst\u00e4ndig zu kontrollieren.<\/p>\n<p>Passend f\u00fcr alle Simplicity PMU Maschinen.<\/p>","protected":false},"featured_media":2744,"template":"","meta":[],"product_brand":[],"product_cat":[109,112],"product_tag":[],"class_list":{"0":"post-2495","1":"product","2":"type-product","3":"status-publish","4":"has-post-thumbnail","6":"product_cat-all-phi-brands","7":"product_cat-phicontour","9":"first","10":"instock","11":"featured","12":"shipping-taxable","13":"purchasable","14":"product-type-simple"},"_links":{"self":[{"href":"https:\/\/jasnashop.microblading.education\/de\/wp-json\/wp\/v2\/product\/2495","targetHints":{"allow":["GET"]}}],"collection":[{"href":"https:\/\/jasnashop.microblading.education\/de\/wp-json\/wp\/v2\/product"}],"about":[{"href":"https:\/\/jasnashop.microblading.education\/de\/wp-json\/wp\/v2\/types\/product"}],"wp:featuredmedia":[{"embeddable":true,"href":"https:\/\/jasnashop.microblading.education\/de\/wp-json\/wp\/v2\/media\/2744"}],"wp:attachment":[{"href":"https:\/\/jasnashop.microblading.education\/de\/wp-json\/wp\/v2\/media?parent=2495"}],"wp:term":[{"taxonomy":"product_brand","embeddable":true,"href":"https:\/\/jasnashop.microblading.education\/de\/wp-json\/wp\/v2\/product_brand?post=2495"},{"taxonomy":"product_cat","embeddable":true,"href":"https:\/\/jasnashop.microblading.education\/de\/wp-json\/wp\/v2\/product_cat?post=2495"},{"taxonomy":"product_tag","embeddable":true,"href":"https:\/\/jasnashop.microblading.education\/de\/wp-json\/wp\/v2\/product_tag?post=2495"}],"curies":[{"name":"wp","href":"https:\/\/api.w.org\/{rel}","templated":true}]}}