{"id":2493,"date":"2022-09-21T16:06:00","date_gmt":"2022-09-21T16:06:00","guid":{"rendered":"http:\/\/jasnashop.microblading.education\/product\/phi-patches-50-x-2-pcs\/"},"modified":"2024-09-23T09:58:40","modified_gmt":"2024-09-23T09:58:40","slug":"phi-patches-50-x-2-pcs","status":"publish","type":"product","link":"https:\/\/jasnashop.microblading.education\/de\/produkt\/phi-patches-50-x-2-pcs\/","title":{"rendered":"Phi-Patches (50 x 2 St\u00fcck)"},"content":{"rendered":"","protected":false},"excerpt":{"rendered":"<p>PhiPatch ist eine Folie, die zum Schutz vor Bakterien nach Microblading- oder Permanent-Make-up-Behandlungen verwendet wird.<\/p>\n<p>Es ist steril und wasserfest und wird in den ersten Tagen nach der Behandlung, insbesondere vor dem Schlafen, auf die Augenbrauen aufgetragen. PhiPatch sch\u00fctzt nicht nur vor \u00e4u\u00dferen sch\u00e4dlichen Einfl\u00fcssen, sondern auch vor Reibung und Kontakt mit anderen Materialien.<\/p>\n<p>One pack contains 50&#215;2 pieces of PhiPatches.<\/p>","protected":false},"featured_media":2724,"template":"","meta":[],"product_brand":[],"product_cat":[107,102],"product_tag":[],"class_list":{"0":"post-2493","1":"product","2":"type-product","3":"status-publish","4":"has-post-thumbnail","6":"product_cat-care-products","7":"product_cat-microblading","9":"first","10":"instock","11":"featured","12":"shipping-taxable","13":"purchasable","14":"product-type-simple"},"_links":{"self":[{"href":"https:\/\/jasnashop.microblading.education\/de\/wp-json\/wp\/v2\/product\/2493","targetHints":{"allow":["GET"]}}],"collection":[{"href":"https:\/\/jasnashop.microblading.education\/de\/wp-json\/wp\/v2\/product"}],"about":[{"href":"https:\/\/jasnashop.microblading.education\/de\/wp-json\/wp\/v2\/types\/product"}],"wp:featuredmedia":[{"embeddable":true,"href":"https:\/\/jasnashop.microblading.education\/de\/wp-json\/wp\/v2\/media\/2724"}],"wp:attachment":[{"href":"https:\/\/jasnashop.microblading.education\/de\/wp-json\/wp\/v2\/media?parent=2493"}],"wp:term":[{"taxonomy":"product_brand","embeddable":true,"href":"https:\/\/jasnashop.microblading.education\/de\/wp-json\/wp\/v2\/product_brand?post=2493"},{"taxonomy":"product_cat","embeddable":true,"href":"https:\/\/jasnashop.microblading.education\/de\/wp-json\/wp\/v2\/product_cat?post=2493"},{"taxonomy":"product_tag","embeddable":true,"href":"https:\/\/jasnashop.microblading.education\/de\/wp-json\/wp\/v2\/product_tag?post=2493"}],"curies":[{"name":"wp","href":"https:\/\/api.w.org\/{rel}","templated":true}]}}