{"id":2491,"date":"2022-09-21T16:06:00","date_gmt":"2022-09-21T16:06:00","guid":{"rendered":"http:\/\/jasnashop.microblading.education\/product\/microblading-advanced-latex-training-kit\/"},"modified":"2024-09-23T09:31:56","modified_gmt":"2024-09-23T09:31:56","slug":"microblading-advanced-latex-training-kit","status":"publish","type":"product","link":"https:\/\/jasnashop.microblading.education\/de\/produkt\/microblading-advanced-latex-training-kit\/","title":{"rendered":"Microblading Latex-Trainingskit f\u00fcr Fortgeschrittene"},"content":{"rendered":"","protected":false},"excerpt":{"rendered":"<p>Microblading Advanced Latex Training Kit ist ein \u00dcbungskit zum \u00dcben von Microblading- und Shading-Techniken auf Latex.<\/p>\n<p>Dieses Kit ist f\u00fcr Anf\u00e4nger und fortgeschrittene K\u00fcnstler geeignet. Es ist f\u00fcr Studenten und K\u00fcnstler konzipiert, um Microblading und Shading zu \u00fcben und zu verbessern, sowie f\u00fcr fortgeschrittene K\u00fcnstler, die neue Muster und Techniken ausprobieren m\u00f6chten.<\/p>\n<p>Das Kit enth\u00e4lt:<\/p>\n<p>&#8211; Latex: 6x double-sided printed latex practice skins with various shapes, created by the most experienced masters of the PhiAcademy.<br \/>\n&#8211; Tools: 10 disposable tools, each containing a microblading blade (304 Blade) and a shading needle (3R Blade).<br \/>\n&#8211; Practice Pigment: Practice Ink for exclusive use on latex.<br \/>\n&#8211; 3D latex pad which provides a realistic practice feel.<br \/>\n&#8211; 10 pigment rings for easy application of the pigment.<br \/>\n&#8211; 5 Phi Wipes for cleaning the pigment on the latex.<\/p>\n<p>Mit dem Microblading Advanced Latex Training Kit perfektionieren Sie Ihre F\u00e4higkeiten und lernen neue Stacheln und Techniken!<\/p>\n<p><strong>** Achtung: Die Produkte sind nicht steril! Nur zum \u00dcben auf Latex geeignet!<\/strong><\/p>","protected":false},"featured_media":2751,"template":"","meta":[],"product_brand":[],"product_cat":[102,104],"product_tag":[],"class_list":{"0":"post-2491","1":"product","2":"type-product","3":"status-publish","4":"has-post-thumbnail","6":"product_cat-microblading","7":"product_cat-tools","9":"first","10":"instock","11":"featured","12":"shipping-taxable","13":"purchasable","14":"product-type-simple"},"_links":{"self":[{"href":"https:\/\/jasnashop.microblading.education\/de\/wp-json\/wp\/v2\/product\/2491","targetHints":{"allow":["GET"]}}],"collection":[{"href":"https:\/\/jasnashop.microblading.education\/de\/wp-json\/wp\/v2\/product"}],"about":[{"href":"https:\/\/jasnashop.microblading.education\/de\/wp-json\/wp\/v2\/types\/product"}],"wp:featuredmedia":[{"embeddable":true,"href":"https:\/\/jasnashop.microblading.education\/de\/wp-json\/wp\/v2\/media\/2751"}],"wp:attachment":[{"href":"https:\/\/jasnashop.microblading.education\/de\/wp-json\/wp\/v2\/media?parent=2491"}],"wp:term":[{"taxonomy":"product_brand","embeddable":true,"href":"https:\/\/jasnashop.microblading.education\/de\/wp-json\/wp\/v2\/product_brand?post=2491"},{"taxonomy":"product_cat","embeddable":true,"href":"https:\/\/jasnashop.microblading.education\/de\/wp-json\/wp\/v2\/product_cat?post=2491"},{"taxonomy":"product_tag","embeddable":true,"href":"https:\/\/jasnashop.microblading.education\/de\/wp-json\/wp\/v2\/product_tag?post=2491"}],"curies":[{"name":"wp","href":"https:\/\/api.w.org\/{rel}","templated":true}]}}