{"id":2482,"date":"2022-09-21T16:05:58","date_gmt":"2022-09-21T16:05:58","guid":{"rendered":"http:\/\/jasnashop.microblading.education\/product\/phihenna-blonde-3-packets\/"},"modified":"2023-01-18T17:54:10","modified_gmt":"2023-01-18T17:54:10","slug":"phihenna-blonde-3-packets","status":"publish","type":"product","link":"https:\/\/jasnashop.microblading.education\/de\/produkt\/phihenna-blonde-3-packets\/","title":{"rendered":"PhiHenna Blonde (3 Packungen)"},"content":{"rendered":"","protected":false},"excerpt":{"rendered":"<p>Phi Henna ist ein aus Henna hergestelltes Augenbrauenf\u00e4rbemittel, das zum F\u00e4rben der Augenbrauen eingekerbt ist, was zu einer Definition und satten Farbe nat\u00fcrlich geformter Brauen f\u00fchrt.<\/p>\n<p>Neben der Wirkung, die Permanent Make-up \u00e4hnelt, bietet Phi Henna mit all seinen nat\u00fcrlichen Vorteilen mehrere Vorteile f\u00fcr die Brauenhaare, indem es hilft, schwache Augenbrauenhaarfollikel zu verfeinern und wiederzubeleben, ihre Vitalit\u00e4t zu f\u00f6rdern und ihre nat\u00fcrliche Form zu bewahren. Die Phi Henna-Farbe f\u00e4rbt die Haut leicht und hinterl\u00e4sst einen subtilen Effekt weicher Farbe, \u00e4hnlich einem Permanent-Make-up-Effekt, ohne unerw\u00fcnschte Rot- oder Blaut\u00f6ne.<\/p>","protected":false},"featured_media":2823,"template":"","meta":[],"product_brand":[],"product_cat":[111,102],"product_tag":[],"class_list":{"0":"post-2482","1":"product","2":"type-product","3":"status-publish","4":"has-post-thumbnail","6":"product_cat-all-microblading-products","7":"product_cat-microblading","9":"first","10":"instock","11":"shipping-taxable","12":"purchasable","13":"product-type-simple"},"_links":{"self":[{"href":"https:\/\/jasnashop.microblading.education\/de\/wp-json\/wp\/v2\/product\/2482","targetHints":{"allow":["GET"]}}],"collection":[{"href":"https:\/\/jasnashop.microblading.education\/de\/wp-json\/wp\/v2\/product"}],"about":[{"href":"https:\/\/jasnashop.microblading.education\/de\/wp-json\/wp\/v2\/types\/product"}],"wp:featuredmedia":[{"embeddable":true,"href":"https:\/\/jasnashop.microblading.education\/de\/wp-json\/wp\/v2\/media\/2823"}],"wp:attachment":[{"href":"https:\/\/jasnashop.microblading.education\/de\/wp-json\/wp\/v2\/media?parent=2482"}],"wp:term":[{"taxonomy":"product_brand","embeddable":true,"href":"https:\/\/jasnashop.microblading.education\/de\/wp-json\/wp\/v2\/product_brand?post=2482"},{"taxonomy":"product_cat","embeddable":true,"href":"https:\/\/jasnashop.microblading.education\/de\/wp-json\/wp\/v2\/product_cat?post=2482"},{"taxonomy":"product_tag","embeddable":true,"href":"https:\/\/jasnashop.microblading.education\/de\/wp-json\/wp\/v2\/product_tag?post=2482"}],"curies":[{"name":"wp","href":"https:\/\/api.w.org\/{rel}","templated":true}]}}