{"id":2481,"date":"2022-09-21T16:05:58","date_gmt":"2022-09-21T16:05:58","guid":{"rendered":"http:\/\/jasnashop.microblading.education\/product\/microblading-practice-latex-6-pcs\/"},"modified":"2024-09-23T09:54:30","modified_gmt":"2024-09-23T09:54:30","slug":"microblading-practice-latex-6-pcs","status":"publish","type":"product","link":"https:\/\/jasnashop.microblading.education\/de\/produkt\/microblading-practice-latex-6-pcs\/","title":{"rendered":"Microblading \u00dcbungslatex (6 St\u00fcck)"},"content":{"rendered":"","protected":false},"excerpt":{"rendered":"<p>Speziell entwickelte \u00dcbungs-Latexpads f\u00fcr ein ganz neues Erlebnis. Verwenden Sie Muster, die von den beliebtesten PhiAcademy-Meistern erstellt wurden, um Ihre Technik zu \u00fcben. Einige der weltbesten Brauenmuster an einem Ort f\u00fcr ein v\u00f6llig einzigartiges Erlebnis der Selbstentfaltung. Jedes Latexpad bietet verschiedene Augenbrauenmuster, mit denen Sie verschiedene Stile nachzeichnen und \u00fcben k\u00f6nnen.<\/p>\n<p>Extrem flexibel. F\u00fchlt sich an wie echte Haut. Zeichnen Sie die bereitgestellten Augenbrauenstriche nach, um perfekte Pr\u00e4zision zu erreichen, ein Gleichgewicht in Ihrer Technik zu erreichen und Ihre Striche richtig zu beherrschen. Verwenden Sie diese Pads auch, um Ihre Shading-F\u00e4higkeiten zu perfektionieren.<\/p>\n<p>Ideal f\u00fcr Anf\u00e4nger und Profis, die technisch ein v\u00f6llig neues Level erreichen wollen. Jedes Latexpad ist doppelseitig, f\u00fcr maximale \u00dcbung. Holen Sie das Beste aus der Vielzahl von Nachzeichnungsoptionen heraus, die unsere \u00dcbungs-Latexpads bieten, entwickeln Sie Ihre F\u00e4higkeiten und beobachten Sie, wie Ihre Kreativit\u00e4t zunimmt.<\/p>","protected":false},"featured_media":2822,"template":"","meta":[],"product_brand":[],"product_cat":[102,104],"product_tag":[],"class_list":{"0":"post-2481","1":"product","2":"type-product","3":"status-publish","4":"has-post-thumbnail","6":"product_cat-microblading","7":"product_cat-tools","9":"first","10":"instock","11":"featured","12":"shipping-taxable","13":"purchasable","14":"product-type-simple"},"_links":{"self":[{"href":"https:\/\/jasnashop.microblading.education\/de\/wp-json\/wp\/v2\/product\/2481","targetHints":{"allow":["GET"]}}],"collection":[{"href":"https:\/\/jasnashop.microblading.education\/de\/wp-json\/wp\/v2\/product"}],"about":[{"href":"https:\/\/jasnashop.microblading.education\/de\/wp-json\/wp\/v2\/types\/product"}],"wp:featuredmedia":[{"embeddable":true,"href":"https:\/\/jasnashop.microblading.education\/de\/wp-json\/wp\/v2\/media\/2822"}],"wp:attachment":[{"href":"https:\/\/jasnashop.microblading.education\/de\/wp-json\/wp\/v2\/media?parent=2481"}],"wp:term":[{"taxonomy":"product_brand","embeddable":true,"href":"https:\/\/jasnashop.microblading.education\/de\/wp-json\/wp\/v2\/product_brand?post=2481"},{"taxonomy":"product_cat","embeddable":true,"href":"https:\/\/jasnashop.microblading.education\/de\/wp-json\/wp\/v2\/product_cat?post=2481"},{"taxonomy":"product_tag","embeddable":true,"href":"https:\/\/jasnashop.microblading.education\/de\/wp-json\/wp\/v2\/product_tag?post=2481"}],"curies":[{"name":"wp","href":"https:\/\/api.w.org\/{rel}","templated":true}]}}