{"id":2478,"date":"2022-09-21T16:05:57","date_gmt":"2022-09-21T16:05:57","guid":{"rendered":"http:\/\/jasnashop.microblading.education\/product\/phi-wipes-block-tonic-wipes-20-pcs\/"},"modified":"2024-09-23T09:59:15","modified_gmt":"2024-09-23T09:59:15","slug":"phi-wipes-block-tonic-wipes-20-pcs","status":"publish","type":"product","link":"https:\/\/jasnashop.microblading.education\/de\/produkt\/phi-wipes-block-tonic-wipes-20-pcs\/","title":{"rendered":"Phi Wipes Block Tonic Wipes (20 St\u00fcck)"},"content":{"rendered":"","protected":false},"excerpt":{"rendered":"<p>Diese speziell entworfenen, mit Block Tonic getr\u00e4nkten multifunktionalen T\u00fccher wurden entwickelt, um den Bed\u00fcrfnissen von Microblading- und PMU-K\u00fcnstlern gerecht zu werden. Die grundlegende Funktion dieses Produkts besteht darin, das Bluten zu verlangsamen und so die Bildung gro\u00dfer Krusten zu verhindern, selbst wenn der Kunde die Augenbrauen nach der Behandlung nicht richtig pflegt. Weniger Blutungen f\u00fchren zu einer besseren Heilung.<\/p>","protected":false},"featured_media":2805,"template":"","meta":[],"product_brand":[],"product_cat":[107,102],"product_tag":[],"class_list":{"0":"post-2478","1":"product","2":"type-product","3":"status-publish","4":"has-post-thumbnail","6":"product_cat-care-products","7":"product_cat-microblading","9":"first","10":"instock","11":"featured","12":"shipping-taxable","13":"purchasable","14":"product-type-simple"},"_links":{"self":[{"href":"https:\/\/jasnashop.microblading.education\/de\/wp-json\/wp\/v2\/product\/2478","targetHints":{"allow":["GET"]}}],"collection":[{"href":"https:\/\/jasnashop.microblading.education\/de\/wp-json\/wp\/v2\/product"}],"about":[{"href":"https:\/\/jasnashop.microblading.education\/de\/wp-json\/wp\/v2\/types\/product"}],"wp:featuredmedia":[{"embeddable":true,"href":"https:\/\/jasnashop.microblading.education\/de\/wp-json\/wp\/v2\/media\/2805"}],"wp:attachment":[{"href":"https:\/\/jasnashop.microblading.education\/de\/wp-json\/wp\/v2\/media?parent=2478"}],"wp:term":[{"taxonomy":"product_brand","embeddable":true,"href":"https:\/\/jasnashop.microblading.education\/de\/wp-json\/wp\/v2\/product_brand?post=2478"},{"taxonomy":"product_cat","embeddable":true,"href":"https:\/\/jasnashop.microblading.education\/de\/wp-json\/wp\/v2\/product_cat?post=2478"},{"taxonomy":"product_tag","embeddable":true,"href":"https:\/\/jasnashop.microblading.education\/de\/wp-json\/wp\/v2\/product_tag?post=2478"}],"curies":[{"name":"wp","href":"https:\/\/api.w.org\/{rel}","templated":true}]}}