{"id":2471,"date":"2022-09-21T16:05:56","date_gmt":"2022-09-21T16:05:56","guid":{"rendered":"http:\/\/jasnashop.microblading.education\/product\/phibrows-master-blade-3r-round-blade-50pcs\/"},"modified":"2024-09-23T09:48:46","modified_gmt":"2024-09-23T09:48:46","slug":"phibrows-master-blade-3r-round-blade-50pcs","status":"publish","type":"product","link":"https:\/\/jasnashop.microblading.education\/de\/produkt\/phibrows-master-blade-3r-round-blade-50pcs\/","title":{"rendered":"PhiBrows Master Blade 3R Rundklinge (50 St\u00fcck)"},"content":{"rendered":"","protected":false},"excerpt":{"rendered":"<p>PhiBrows Master Blade 3R Round Blade besteht aus drei d\u00fcnnen, runden Nadeln. Diese Einwegklinge wird zum Shading beim Microblading verwendet und bietet eine sehr hohe Pr\u00e4zision. Die Klinge kann verwendet werden, um ein sehr nat\u00fcrliches Aussehen zu erzielen, und ist ideal zum Schattieren zwischen den Strichen f\u00fcr ein volleres Ergebnis. Der PhiBrows 3R Round Blade hilft dabei, beim manuellen Schattieren einen subtilen, aber sehr kraftvollen Effekt zu erzielen.<\/p>\n<p>Die sterilen Klingen sind zum Einmalgebrauch und einzeln verpackt.<\/p>\n<p>Jede Packung enth\u00e4lt 50 sterile PhiBrows Master Blade 3R Rundklingen.<\/p>\n<p>Passend f\u00fcr PHIGLOW HALTER und UNIVERSAL HALTER.<\/p>","protected":false},"featured_media":2756,"template":"","meta":[],"product_brand":[],"product_cat":[109,110],"product_tag":[],"class_list":{"0":"post-2471","1":"product","2":"type-product","3":"status-publish","4":"has-post-thumbnail","6":"product_cat-all-phi-brands","7":"product_cat-philings","9":"first","10":"instock","11":"featured","12":"shipping-taxable","13":"purchasable","14":"product-type-simple"},"_links":{"self":[{"href":"https:\/\/jasnashop.microblading.education\/de\/wp-json\/wp\/v2\/product\/2471","targetHints":{"allow":["GET"]}}],"collection":[{"href":"https:\/\/jasnashop.microblading.education\/de\/wp-json\/wp\/v2\/product"}],"about":[{"href":"https:\/\/jasnashop.microblading.education\/de\/wp-json\/wp\/v2\/types\/product"}],"wp:featuredmedia":[{"embeddable":true,"href":"https:\/\/jasnashop.microblading.education\/de\/wp-json\/wp\/v2\/media\/2756"}],"wp:attachment":[{"href":"https:\/\/jasnashop.microblading.education\/de\/wp-json\/wp\/v2\/media?parent=2471"}],"wp:term":[{"taxonomy":"product_brand","embeddable":true,"href":"https:\/\/jasnashop.microblading.education\/de\/wp-json\/wp\/v2\/product_brand?post=2471"},{"taxonomy":"product_cat","embeddable":true,"href":"https:\/\/jasnashop.microblading.education\/de\/wp-json\/wp\/v2\/product_cat?post=2471"},{"taxonomy":"product_tag","embeddable":true,"href":"https:\/\/jasnashop.microblading.education\/de\/wp-json\/wp\/v2\/product_tag?post=2471"}],"curies":[{"name":"wp","href":"https:\/\/api.w.org\/{rel}","templated":true}]}}