{"id":2469,"date":"2022-09-21T16:05:56","date_gmt":"2022-09-21T16:05:56","guid":{"rendered":"http:\/\/jasnashop.microblading.education\/product\/phibrows-grand-master-blade-u24-nano-50pcs\/"},"modified":"2024-09-23T09:49:28","modified_gmt":"2024-09-23T09:49:28","slug":"phibrows-grand-master-blade-u24-nano-50pcs","status":"publish","type":"product","link":"https:\/\/jasnashop.microblading.education\/de\/produkt\/phibrows-grand-master-blade-u24-nano-50pcs\/","title":{"rendered":"PhiBrows Grand Master Blade U24 Nano (50 St\u00fcck)"},"content":{"rendered":"","protected":false},"excerpt":{"rendered":"<p>Nur f\u00fcr erfahrene K\u00fcnstler.<\/p>\n<p>Die neue GRAND MASTER-Klinge besteht aus 24 Stiften. Jede davon ist 0,15 mm dick. Der gleichm\u00e4\u00dfige Abstand zwischen den einzelnen Stiften sorgt f\u00fcr eine hervorragende Durchdringung. Die Nano-Klinge hinterl\u00e4sst die d\u00fcnnsten Striche, die Sie je gesehen haben, indem sie beim Arbeiten nur minimalen Druck auf die Haut aus\u00fcbt. Diese Klinge besteht aus festem Edelstahl 304 und ist die erste Microblading-Klinge, die mit Lasertechnologie poliert wurde. Passend f\u00fcr PHIGLOW HALTER und UNIVERSAL HALTER.<\/p>\n<p>Durchmesser: 0,15 mm<\/p>","protected":false},"featured_media":2925,"template":"","meta":[],"product_brand":[],"product_cat":[111,102],"product_tag":[],"class_list":{"0":"post-2469","1":"product","2":"type-product","3":"status-publish","4":"has-post-thumbnail","6":"product_cat-all-microblading-products","7":"product_cat-microblading","9":"first","10":"instock","11":"featured","12":"shipping-taxable","13":"purchasable","14":"product-type-simple"},"_links":{"self":[{"href":"https:\/\/jasnashop.microblading.education\/de\/wp-json\/wp\/v2\/product\/2469","targetHints":{"allow":["GET"]}}],"collection":[{"href":"https:\/\/jasnashop.microblading.education\/de\/wp-json\/wp\/v2\/product"}],"about":[{"href":"https:\/\/jasnashop.microblading.education\/de\/wp-json\/wp\/v2\/types\/product"}],"wp:featuredmedia":[{"embeddable":true,"href":"https:\/\/jasnashop.microblading.education\/de\/wp-json\/wp\/v2\/media\/2925"}],"wp:attachment":[{"href":"https:\/\/jasnashop.microblading.education\/de\/wp-json\/wp\/v2\/media?parent=2469"}],"wp:term":[{"taxonomy":"product_brand","embeddable":true,"href":"https:\/\/jasnashop.microblading.education\/de\/wp-json\/wp\/v2\/product_brand?post=2469"},{"taxonomy":"product_cat","embeddable":true,"href":"https:\/\/jasnashop.microblading.education\/de\/wp-json\/wp\/v2\/product_cat?post=2469"},{"taxonomy":"product_tag","embeddable":true,"href":"https:\/\/jasnashop.microblading.education\/de\/wp-json\/wp\/v2\/product_tag?post=2469"}],"curies":[{"name":"wp","href":"https:\/\/api.w.org\/{rel}","templated":true}]}}