{"id":2453,"date":"2022-09-21T16:05:53","date_gmt":"2022-09-21T16:05:53","guid":{"rendered":"http:\/\/jasnashop.microblading.education\/product\/phicontour-phi-thinner-diluting-liquid-10ml\/"},"modified":"2024-09-23T10:53:14","modified_gmt":"2024-09-23T10:53:14","slug":"phicontour-phi-thinner-diluting-liquid-10ml","status":"publish","type":"product","link":"https:\/\/jasnashop.microblading.education\/de\/produkt\/phicontour-phi-thinner-diluting-liquid-10ml\/","title":{"rendered":"PhiContour Phi Thinner Verd\u00fcnnungsfl\u00fcssigkeit 10ml"},"content":{"rendered":"","protected":false},"excerpt":{"rendered":"<p>Phi Thinner ist eine Fl\u00fcssigkeit zum Verd\u00fcnnen von Pigmenten, geeignet f\u00fcr den professionellen Einsatz in Sch\u00f6nheitssalons.<\/p>\n<p>Dieses Produkt wurde zum Verd\u00fcnnen von PhiContour- und SUP-Farben entwickelt. Aufgrund ihrer sehr fl\u00fcssigen Eigenschaft werden Pigmente so verd\u00fcnnt, dass sie auch mit Permanent Make-up Maschinen verwendet werden k\u00f6nnen.<\/p>\n<p>Eine Packung Phi Thinner enth\u00e4lt 10 ml.<\/p>","protected":false},"featured_media":2785,"template":"","meta":[],"product_brand":[],"product_cat":[118,115,116],"product_tag":[],"class_list":{"0":"post-2453","1":"product","2":"type-product","3":"status-publish","4":"has-post-thumbnail","6":"product_cat-eyeliner","7":"product_cat-permanent-make-up","8":"product_cat-pigments","10":"first","11":"instock","12":"featured","13":"shipping-taxable","14":"purchasable","15":"product-type-simple"},"_links":{"self":[{"href":"https:\/\/jasnashop.microblading.education\/de\/wp-json\/wp\/v2\/product\/2453","targetHints":{"allow":["GET"]}}],"collection":[{"href":"https:\/\/jasnashop.microblading.education\/de\/wp-json\/wp\/v2\/product"}],"about":[{"href":"https:\/\/jasnashop.microblading.education\/de\/wp-json\/wp\/v2\/types\/product"}],"wp:featuredmedia":[{"embeddable":true,"href":"https:\/\/jasnashop.microblading.education\/de\/wp-json\/wp\/v2\/media\/2785"}],"wp:attachment":[{"href":"https:\/\/jasnashop.microblading.education\/de\/wp-json\/wp\/v2\/media?parent=2453"}],"wp:term":[{"taxonomy":"product_brand","embeddable":true,"href":"https:\/\/jasnashop.microblading.education\/de\/wp-json\/wp\/v2\/product_brand?post=2453"},{"taxonomy":"product_cat","embeddable":true,"href":"https:\/\/jasnashop.microblading.education\/de\/wp-json\/wp\/v2\/product_cat?post=2453"},{"taxonomy":"product_tag","embeddable":true,"href":"https:\/\/jasnashop.microblading.education\/de\/wp-json\/wp\/v2\/product_tag?post=2453"}],"curies":[{"name":"wp","href":"https:\/\/api.w.org\/{rel}","templated":true}]}}