{"id":2450,"date":"2022-09-21T16:05:52","date_gmt":"2022-09-21T16:05:52","guid":{"rendered":"http:\/\/jasnashop.microblading.education\/product\/phibrows-red-super-formula-5-ml\/"},"modified":"2024-09-23T10:01:21","modified_gmt":"2024-09-23T10:01:21","slug":"phibrows-red-super-formula-5-ml","status":"publish","type":"product","link":"https:\/\/jasnashop.microblading.education\/de\/produkt\/phibrows-red-super-formula-5-ml\/","title":{"rendered":"Phibrows Red SUPER FORMEL 5 ml"},"content":{"rendered":"","protected":false},"excerpt":{"rendered":"<p>Die Entwicklung unserer Idee der Superpigmente dauerte Jahre.<\/p>\n<p>Wer den Prozess der Pigmentierung kennt, versteht, dass wir mit jeder neuen Pigmentierung ein Implantat in den Organismus setzen. Der Organismus erkennt einen Teil des Pigments als Fremdk\u00f6rper, so dass das Pigment verblassen kann, aber f\u00fcr immer dort bleibt. Aus diesem Grund war unsere vorangegangene Vision, extrem saubere und extrem stabile Pigmente herzustellen: V\u00f6llig sauber wie eine Ampulle einer intraven\u00f6sen Injektionsl\u00f6sung und stabil wie keines der bisher gesehenen Pigmente.<\/p>\n<p>Nach langer Zeit der Forschung und Hingabe ist PHIBROWS SUPER ENDLICH HIER! Diese Formel setzt nicht nur im Bereich Microblading und Permanent Make-up v\u00f6llig neue Ma\u00dfst\u00e4be \u2013 sondern auch im Bereich Tattoos.<\/p>\n<p>Superpigment setzt Ma\u00dfst\u00e4be in der Branche:<\/p>\n<p>-Sauberes und extrem stabiles Pigment wie nie zuvor.<\/p>\n<p>-Non magnetized &#8211; almost PURE formula<\/p>\n<p>-Keine Trennung von Komponenten und ohne \u00d6lfilm<\/p>\n<p>-Eine innovative Formel, die vom menschlichen Organismus nicht als Fremdk\u00f6rper wahrgenommen wird<\/p>\n<p>- Farbtreu auch bei fettiger Haut<\/p>\n<p>-K\u00fcrzere Heilungszeit<\/p>\n<p>We ensure that our pigments meet all the requirements for ingredients as specified by the new EU Pigment &amp; Tattoo Ink Regulation 2022.<\/p>","protected":false},"featured_media":2667,"template":"","meta":[],"product_brand":[],"product_cat":[111,102],"product_tag":[],"class_list":{"0":"post-2450","1":"product","2":"type-product","3":"status-publish","4":"has-post-thumbnail","6":"product_cat-all-microblading-products","7":"product_cat-microblading","9":"first","10":"instock","11":"featured","12":"shipping-taxable","13":"purchasable","14":"product-type-simple"},"_links":{"self":[{"href":"https:\/\/jasnashop.microblading.education\/de\/wp-json\/wp\/v2\/product\/2450","targetHints":{"allow":["GET"]}}],"collection":[{"href":"https:\/\/jasnashop.microblading.education\/de\/wp-json\/wp\/v2\/product"}],"about":[{"href":"https:\/\/jasnashop.microblading.education\/de\/wp-json\/wp\/v2\/types\/product"}],"wp:featuredmedia":[{"embeddable":true,"href":"https:\/\/jasnashop.microblading.education\/de\/wp-json\/wp\/v2\/media\/2667"}],"wp:attachment":[{"href":"https:\/\/jasnashop.microblading.education\/de\/wp-json\/wp\/v2\/media?parent=2450"}],"wp:term":[{"taxonomy":"product_brand","embeddable":true,"href":"https:\/\/jasnashop.microblading.education\/de\/wp-json\/wp\/v2\/product_brand?post=2450"},{"taxonomy":"product_cat","embeddable":true,"href":"https:\/\/jasnashop.microblading.education\/de\/wp-json\/wp\/v2\/product_cat?post=2450"},{"taxonomy":"product_tag","embeddable":true,"href":"https:\/\/jasnashop.microblading.education\/de\/wp-json\/wp\/v2\/product_tag?post=2450"}],"curies":[{"name":"wp","href":"https:\/\/api.w.org\/{rel}","templated":true}]}}