{"id":2435,"date":"2022-09-21T16:05:51","date_gmt":"2022-09-21T16:05:51","guid":{"rendered":"http:\/\/jasnashop.microblading.education\/product\/philashes-flocked-lint-free-applicator-100pcs\/"},"modified":"2024-09-23T09:16:32","modified_gmt":"2024-09-23T09:16:32","slug":"philashes-flocked-lint-free-applicator-100pcs","status":"publish","type":"product","link":"https:\/\/jasnashop.microblading.education\/de\/produkt\/philashes-flocked-lint-free-applicator-100pcs\/","title":{"rendered":"PhiLashes Beflockter fusselfreier Applikator (100 St\u00fcck)"},"content":{"rendered":"","protected":false},"excerpt":{"rendered":"<p>Der PhiLashes Flocked Lint Free Applicator dient zur Reinigung der Naturwimpern vor der Behandlung. Ideale Alternative zu den \u00fcblichen Wattest\u00e4bchen, die Fasern enthalten, die zwischen Naturwimpern und Wimpernverl\u00e4ngerungen eingeklemmt werden k\u00f6nnen.<\/p>","protected":false},"featured_media":2668,"template":"","meta":[],"product_brand":[],"product_cat":[114,113],"product_tag":[],"class_list":{"0":"post-2435","1":"product","2":"type-product","3":"status-publish","4":"has-post-thumbnail","6":"product_cat-all-lash-products","7":"product_cat-lash-extensions-and-lash-lifting","9":"first","10":"instock","11":"featured","12":"shipping-taxable","13":"purchasable","14":"product-type-simple"},"_links":{"self":[{"href":"https:\/\/jasnashop.microblading.education\/de\/wp-json\/wp\/v2\/product\/2435","targetHints":{"allow":["GET"]}}],"collection":[{"href":"https:\/\/jasnashop.microblading.education\/de\/wp-json\/wp\/v2\/product"}],"about":[{"href":"https:\/\/jasnashop.microblading.education\/de\/wp-json\/wp\/v2\/types\/product"}],"wp:featuredmedia":[{"embeddable":true,"href":"https:\/\/jasnashop.microblading.education\/de\/wp-json\/wp\/v2\/media\/2668"}],"wp:attachment":[{"href":"https:\/\/jasnashop.microblading.education\/de\/wp-json\/wp\/v2\/media?parent=2435"}],"wp:term":[{"taxonomy":"product_brand","embeddable":true,"href":"https:\/\/jasnashop.microblading.education\/de\/wp-json\/wp\/v2\/product_brand?post=2435"},{"taxonomy":"product_cat","embeddable":true,"href":"https:\/\/jasnashop.microblading.education\/de\/wp-json\/wp\/v2\/product_cat?post=2435"},{"taxonomy":"product_tag","embeddable":true,"href":"https:\/\/jasnashop.microblading.education\/de\/wp-json\/wp\/v2\/product_tag?post=2435"}],"curies":[{"name":"wp","href":"https:\/\/api.w.org\/{rel}","templated":true}]}}