{"id":2429,"date":"2022-09-21T16:05:50","date_gmt":"2022-09-21T16:05:50","guid":{"rendered":"http:\/\/jasnashop.microblading.education\/product\/philuminate\/"},"modified":"2024-09-23T09:09:12","modified_gmt":"2024-09-23T09:09:12","slug":"philuminate","status":"publish","type":"product","link":"https:\/\/jasnashop.microblading.education\/de\/produkt\/philuminate\/","title":{"rendered":"PhilLuminate"},"content":{"rendered":"","protected":false},"excerpt":{"rendered":"<p>Hochwertiges LED-Ringlicht mit 36 LED-Perlen - dieses Ringlicht ist aus hochwertigem Kunststoff gefertigt, langlebig und sto\u00dffest. 36 Highlight-LED-Perlen bieten zus\u00e4tzliche oder seitliche Beleuchtung f\u00fcr kreative Fotografie und Videografie. Dimmbares Ringlicht mit drei Lichteinstellungen - Es gibt drei Lichteinstellungen: Niedrig, Mittel und Hoch. Dieses Selfie-Licht ist perfekt zu verwenden, insbesondere mit der einfachen Ein- und Ausschalttaste zum Einstellen der Helligkeit. Das Licht \u00e4ndert sich bei jeder Einstellung erheblich. Es macht Bilder viel sch\u00e4rfer und detaillierter.<\/p>\n<p>Ein Clip-Ringlicht, einfach zu kooperieren - Dieses Clip-Ringlicht funktioniert mit 2 * AAA-Batterien (die nicht im Lieferumfang enthalten sind). Befestigen Sie einfach den Piluminate-Ring an Ihrem Ger\u00e4t, unterst\u00fctzen Sie Front- und R\u00fcckkameraaufnahmen und erzielen Sie einen nat\u00fcrlichen Lichteffekt. Ver\u00f6ffentlichen Sie qualitativ hochwertige Bilder oder Videos \u00fcber soziale Medien wie Facebook, Instagram, Snapchat, Pinterest usw. Es kann auch eine Taschenlampe an einem dunklen Ort oder in der Nacht sein.<br \/>\nLight and mini circle light with gift package-It&#8217;s so lightweight and small enough to take with you anywhere you go, it can be easily carried in pocket or bag and shoot in wherever you want.<br \/>\nUniverselles Ringblitzlicht \u2013 kompatibel mit den meisten Smartphones\/Tablets \u2013 iPhone 6s \/ 6s Plus \/ 6\/6 Plus \/ 5s \/ 5c \/ 5 \/ 4s \/ 4, Samsung Galaxy-Serie wie Galaxy S6, S6 Edge Plus, Note 5, LG-Telefone , Moto, Blackberry, HTC, Sony und iPad sogar MacBooks. Hinweis: Es kann m\u00f6glicherweise nicht an einem Telefon mit einer dieser riesigen Otterbox-H\u00fcllen befestigt werden.<\/p>","protected":false},"featured_media":2627,"template":"","meta":[],"product_brand":[],"product_cat":[100,108],"product_tag":[],"class_list":{"0":"post-2429","1":"product","2":"type-product","3":"status-publish","4":"has-post-thumbnail","6":"product_cat-accessories","7":"product_cat-all-products","9":"first","10":"instock","11":"featured","12":"shipping-taxable","13":"purchasable","14":"product-type-simple"},"_links":{"self":[{"href":"https:\/\/jasnashop.microblading.education\/de\/wp-json\/wp\/v2\/product\/2429","targetHints":{"allow":["GET"]}}],"collection":[{"href":"https:\/\/jasnashop.microblading.education\/de\/wp-json\/wp\/v2\/product"}],"about":[{"href":"https:\/\/jasnashop.microblading.education\/de\/wp-json\/wp\/v2\/types\/product"}],"wp:featuredmedia":[{"embeddable":true,"href":"https:\/\/jasnashop.microblading.education\/de\/wp-json\/wp\/v2\/media\/2627"}],"wp:attachment":[{"href":"https:\/\/jasnashop.microblading.education\/de\/wp-json\/wp\/v2\/media?parent=2429"}],"wp:term":[{"taxonomy":"product_brand","embeddable":true,"href":"https:\/\/jasnashop.microblading.education\/de\/wp-json\/wp\/v2\/product_brand?post=2429"},{"taxonomy":"product_cat","embeddable":true,"href":"https:\/\/jasnashop.microblading.education\/de\/wp-json\/wp\/v2\/product_cat?post=2429"},{"taxonomy":"product_tag","embeddable":true,"href":"https:\/\/jasnashop.microblading.education\/de\/wp-json\/wp\/v2\/product_tag?post=2429"}],"curies":[{"name":"wp","href":"https:\/\/api.w.org\/{rel}","templated":true}]}}