{"id":2427,"date":"2022-09-21T16:05:50","date_gmt":"2022-09-21T16:05:50","guid":{"rendered":"http:\/\/jasnashop.microblading.education\/product\/phi-foam-cleanser-mousse-150-ml\/"},"modified":"2024-09-23T09:39:41","modified_gmt":"2024-09-23T09:39:41","slug":"phi-foam-cleanser-mousse-150-ml","status":"publish","type":"product","link":"https:\/\/jasnashop.microblading.education\/de\/produkt\/phi-foam-cleanser-mousse-150-ml\/","title":{"rendered":"Phi Schaumreiniger Mousse 150 ml"},"content":{"rendered":"","protected":false},"excerpt":{"rendered":"<p>PhiFoam ist ein Hautreiniger, der vor und nach verschiedenen kosmetischen Eingriffen verwendet wird, die eine vollst\u00e4ndig saubere und fettfreie Haut erfordern. Dazu geh\u00f6ren Permanent Make-up, Microblading, Tattoos, Microneedling, Lashlifting und Wimpernverl\u00e4ngerung. Dieses Produkt wurde speziell entwickelt, um Farbe nach Behandlungen mit Pigmenten zu entfernen.<\/p>","protected":false},"featured_media":2635,"template":"","meta":[],"product_brand":[],"product_cat":[107,102],"product_tag":[],"class_list":{"0":"post-2427","1":"product","2":"type-product","3":"status-publish","4":"has-post-thumbnail","6":"product_cat-care-products","7":"product_cat-microblading","9":"first","10":"instock","11":"featured","12":"shipping-taxable","13":"purchasable","14":"product-type-simple"},"_links":{"self":[{"href":"https:\/\/jasnashop.microblading.education\/de\/wp-json\/wp\/v2\/product\/2427","targetHints":{"allow":["GET"]}}],"collection":[{"href":"https:\/\/jasnashop.microblading.education\/de\/wp-json\/wp\/v2\/product"}],"about":[{"href":"https:\/\/jasnashop.microblading.education\/de\/wp-json\/wp\/v2\/types\/product"}],"wp:featuredmedia":[{"embeddable":true,"href":"https:\/\/jasnashop.microblading.education\/de\/wp-json\/wp\/v2\/media\/2635"}],"wp:attachment":[{"href":"https:\/\/jasnashop.microblading.education\/de\/wp-json\/wp\/v2\/media?parent=2427"}],"wp:term":[{"taxonomy":"product_brand","embeddable":true,"href":"https:\/\/jasnashop.microblading.education\/de\/wp-json\/wp\/v2\/product_brand?post=2427"},{"taxonomy":"product_cat","embeddable":true,"href":"https:\/\/jasnashop.microblading.education\/de\/wp-json\/wp\/v2\/product_cat?post=2427"},{"taxonomy":"product_tag","embeddable":true,"href":"https:\/\/jasnashop.microblading.education\/de\/wp-json\/wp\/v2\/product_tag?post=2427"}],"curies":[{"name":"wp","href":"https:\/\/api.w.org\/{rel}","templated":true}]}}